{"id":325,"date":"2024-10-15T13:20:40","date_gmt":"2024-10-15T06:20:40","guid":{"rendered":"https:\/\/tipmse.fti.or.th\/?page_id=325"},"modified":"2024-11-19T16:20:30","modified_gmt":"2024-11-19T09:20:30","slug":"%e0%b8%9a%e0%b8%a3%e0%b8%b4%e0%b8%a9%e0%b8%b1%e0%b8%97-%e0%b9%80%e0%b8%99%e0%b8%aa%e0%b8%97%e0%b9%8c%e0%b9%80%e0%b8%a5%e0%b9%88-%e0%b9%84%e0%b8%97%e0%b8%a2-%e0%b8%88%e0%b8%b3%e0%b8%81%e0%b8%b1","status":"publish","type":"page","link":"https:\/\/tipmse.fti.or.th\/?page_id=325","title":{"rendered":"\u0e1a\u0e23\u0e34\u0e29\u0e31\u0e17 \u0e40\u0e19\u0e2a\u0e17\u0e4c\u0e40\u0e25\u0e48 (\u0e44\u0e17\u0e22) \u0e08\u0e33\u0e01\u0e31\u0e14"},"content":{"rendered":"<p>[et_pb_section fb_built=&#8221;1&#8243; _builder_version=&#8221;4.27.2&#8243; _module_preset=&#8221;default&#8221; global_colors_info=&#8221;{}&#8221;][et_pb_row _builder_version=&#8221;4.27.2&#8243; _module_preset=&#8221;default&#8221; custom_padding=&#8221;0px|||||&#8221; global_colors_info=&#8221;{}&#8221;][et_pb_column type=&#8221;4_4&#8243; _builder_version=&#8221;4.27.2&#8243; _module_preset=&#8221;default&#8221; global_colors_info=&#8221;{}&#8221;][et_pb_image src=&#8221;https:\/\/tipmse.fti.or.th\/wp-content\/uploads\/2024\/10\/\u0e40\u0e19\u0e2a\u0e40\u0e25\u0e48-3-01.jpg&#8221; title_text=&#8221;\u0e40\u0e19\u0e2a\u0e40\u0e25\u0e48 3-01&#8243; align=&#8221;center&#8221; _builder_version=&#8221;4.27.2&#8243; _module_preset=&#8221;default&#8221; width=&#8221;53%&#8221; custom_padding=&#8221;0px|0px||||&#8221; global_colors_info=&#8221;{}&#8221;][\/et_pb_image][\/et_pb_column][\/et_pb_row][et_pb_row _builder_version=&#8221;4.27.2&#8243; _module_preset=&#8221;default&#8221; global_colors_info=&#8221;{}&#8221;][et_pb_column type=&#8221;4_4&#8243; _builder_version=&#8221;4.27.2&#8243; _module_preset=&#8221;default&#8221; global_colors_info=&#8221;{}&#8221;][et_pb_text _builder_version=&#8221;4.27.2&#8243; _module_preset=&#8221;default&#8221; text_font=&#8221;Prompt||||||||&#8221; text_text_color=&#8221;#E02B20&#8243; text_font_size=&#8221;18px&#8221; header_text_align=&#8221;center&#8221; header_text_color=&#8221;#664a00&#8243; header_font_size=&#8221;32px&#8221; global_colors_info=&#8221;{}&#8221;]<\/p>\n<h1 style=\"text-align: center;\">\u0e1a\u0e23\u0e34\u0e29\u0e31\u0e17 \u0e40\u0e19\u0e2a\u0e17\u0e4c\u0e40\u0e25\u0e48 (\u0e44\u0e17\u0e22) \u0e08\u0e33\u0e01\u0e31\u0e14<\/h1>\n<p>[\/et_pb_text][\/et_pb_column][\/et_pb_row][et_pb_row _builder_version=&#8221;4.27.2&#8243; _module_preset=&#8221;default&#8221; custom_padding=&#8221;0px|||||&#8221; global_colors_info=&#8221;{}&#8221;][et_pb_column type=&#8221;4_4&#8243; _builder_version=&#8221;4.27.2&#8243; _module_preset=&#8221;default&#8221; global_colors_info=&#8221;{}&#8221;][et_pb_text _builder_version=&#8221;4.27.2&#8243; _module_preset=&#8221;default&#8221; text_font=&#8221;Prompt||||||||&#8221; custom_margin=&#8221;-22px|||||&#8221; hover_enabled=&#8221;0&#8243; global_colors_info=&#8221;{}&#8221; sticky_enabled=&#8221;0&#8243;]<\/p>\n<p>&nbsp;<\/p>\n<p><strong>\u0e40\u0e19\u0e2a\u0e17\u0e4c\u0e40\u0e25\u0e48 <\/strong>\u0e40\u0e1b\u0e47\u0e19\u0e1a\u0e23\u0e34\u0e29\u0e31\u0e17\u0e1c\u0e39\u0e49\u0e1c\u0e25\u0e34\u0e15\u0e2d\u0e32\u0e2b\u0e32\u0e23\u0e41\u0e25\u0e30\u0e40\u0e04\u0e23\u0e37\u0e48\u0e2d\u0e07\u0e14\u0e37\u0e48\u0e21\u0e23\u0e32\u0e22\u0e43\u0e2b\u0e0d\u0e48\u0e17\u0e35\u0e48\u0e2a\u0e38\u0e14\u0e02\u0e2d\u0e07\u0e42\u0e25\u0e01 \u0e04\u0e23\u0e2d\u0e1a\u0e04\u0e25\u0e38\u0e21 188 \u0e1b\u0e23\u0e30\u0e40\u0e17\u0e28\u0e17\u0e31\u0e48\u0e27\u0e42\u0e25\u0e01 \u0e1e\u0e19\u0e31\u0e01\u0e07\u0e32\u0e19\u0e40\u0e19\u0e2a\u0e17\u0e4c\u0e40\u0e25\u0e48\u0e01\u0e27\u0e48\u0e32 270,<span>000 \u0e04\u0e19\u0e15\u0e48\u0e32\u0e07\u0e21\u0e35\u0e1e\u0e31\u0e19\u0e18\u0e2a\u0e31\u0e0d\u0e0d\u0e32\u0e15\u0e48\u0e2d\u0e40\u0e08\u0e15\u0e19\u0e32\u0e23\u0e21\u0e13\u0e4c\u0e02\u0e2d\u0e07\u0e40\u0e19\u0e2a\u0e17\u0e4c\u0e40\u0e25\u0e48\u0e43\u0e19\u0e01\u0e32\u0e23\u0e40\u0e1b\u0e34\u0e14\u0e1e\u0e25\u0e31\u0e07\u0e41\u0e2b\u0e48\u0e07\u0e2d\u0e32\u0e2b\u0e32\u0e23\u0e40\u0e1e\u0e37\u0e48\u0e2d\u0e40\u0e1e\u0e34\u0e48\u0e21\u0e1e\u0e39\u0e19\u0e04\u0e38\u0e13\u0e20\u0e32\u0e1e\u0e0a\u0e35\u0e27\u0e34\u0e15\u0e17\u0e35\u0e48\u0e14\u0e35 \u0e2a\u0e33\u0e2b\u0e23\u0e31\u0e1a\u0e17\u0e38\u0e01\u0e04\u0e19\u0e43\u0e19\u0e27\u0e31\u0e19\u0e19\u0e35\u0e49\u0e41\u0e25\u0e30\u0e43\u0e19\u0e2d\u0e19\u0e32\u0e04\u0e15 (<\/span>Unlocking the power of food to enhance quality of life for everyone, today and for generations to come) <span>\u0e40\u0e19\u0e2a\u0e17\u0e4c\u0e40\u0e25\u0e48\u0e19\u0e33\u0e40\u0e2a\u0e19\u0e2d\u0e1c\u0e25\u0e34\u0e15\u0e20\u0e31\u0e13\u0e11\u0e4c\u0e41\u0e25\u0e30\u0e1a\u0e23\u0e34\u0e01\u0e32\u0e23\u0e2a\u0e33\u0e2b\u0e23\u0e31\u0e1a\u0e1c\u0e39\u0e49\u0e04\u0e19\u0e41\u0e25\u0e30\u0e2a\u0e31\u0e15\u0e27\u0e4c\u0e40\u0e25\u0e35\u0e49\u0e22\u0e07\u0e04\u0e23\u0e2d\u0e1a\u0e04\u0e25\u0e38\u0e21\u0e43\u0e19\u0e17\u0e38\u0e01\u0e0a\u0e48\u0e27\u0e07\u0e27\u0e31\u0e22 \u0e21\u0e32\u0e01\u0e01\u0e27\u0e48\u0e32 2<\/span>,<span>000 \u0e41\u0e1a\u0e23\u0e19\u0e14\u0e4c \u0e17\u0e31\u0e49\u0e07\u0e17\u0e35\u0e48\u0e40\u0e1b\u0e47\u0e19\u0e41\u0e1a\u0e23\u0e19\u0e14\u0e4c\u0e17\u0e35\u0e48\u0e40\u0e1b\u0e47\u0e19\u0e17\u0e35\u0e48\u0e23\u0e39\u0e49\u0e08\u0e31\u0e01\u0e43\u0e19\u0e23\u0e30\u0e14\u0e31\u0e1a\u0e42\u0e25\u0e01 \u0e40\u0e0a\u0e48\u0e19 \u0e40\u0e19\u0e2a\u0e01\u0e32\u0e41\u0e1f \u0e40\u0e19\u0e2a\u0e40\u0e1b\u0e23\u0e2a\u0e42\u0e0b \u0e44\u0e21\u0e42\u0e25 \u0e41\u0e21\u0e47\u0e01\u0e01\u0e35\u0e49 \u0e15\u0e25\u0e2d\u0e14\u0e08\u0e19\u0e41\u0e1a\u0e23\u0e19\u0e14\u0e4c\u0e17\u0e35\u0e48\u0e40\u0e1b\u0e47\u0e19\u0e17\u0e35\u0e48\u0e0a\u0e37\u0e48\u0e19\u0e0a\u0e2d\u0e1a\u0e43\u0e19\u0e17\u0e49\u0e2d\u0e07\u0e16\u0e34\u0e48\u0e19\u0e2d\u0e22\u0e48\u0e32\u0e07 \u0e15\u0e23\u0e32\u0e2b\u0e21\u0e35 \u0e2b\u0e23\u0e37\u0e2d\u0e21\u0e34\u0e40\u0e19\u0e40\u0e23\u0e48 \u0e1a\u0e23\u0e34\u0e29\u0e31\u0e17\u0e2f \u0e02\u0e31\u0e1a\u0e40\u0e04\u0e25\u0e37\u0e48\u0e2d\u0e19\u0e18\u0e38\u0e23\u0e01\u0e34\u0e08\u0e14\u0e49\u0e27\u0e22\u0e01\u0e25\u0e22\u0e38\u0e17\u0e18\u0e4c\u0e17\u0e35\u0e48\u0e08\u0e30\u0e2a\u0e23\u0e49\u0e32\u0e07\u0e2a\u0e23\u0e23\u0e04\u0e4c\u0e2a\u0e34\u0e48\u0e07\u0e14\u0e35 \u0e46 \u0e40\u0e1e\u0e37\u0e48\u0e2d\u0e1c\u0e39\u0e49\u0e1a\u0e23\u0e34\u0e42\u0e20\u0e04 (<\/span>Good for You) <span>\u0e41\u0e25\u0e30\u0e2a\u0e34\u0e48\u0e07\u0e14\u0e35 \u0e46 \u0e40\u0e1e\u0e37\u0e48\u0e2d\u0e42\u0e25\u0e01\u0e02\u0e2d\u0e07\u0e40\u0e23\u0e32 (<\/span>Good for the Planet) <span>\u0e1b\u0e31\u0e08\u0e08\u0e38\u0e1a\u0e31\u0e19 \u0e40\u0e19\u0e2a\u0e17\u0e4c\u0e40\u0e25\u0e48\u0e01\u0e48\u0e2d\u0e15\u0e31\u0e49\u0e07\u0e21\u0e32\u0e19\u0e32\u0e19\u0e01\u0e27\u0e48\u0e32 150 \u0e1b\u0e35 \u0e42\u0e14\u0e22\u0e21\u0e35\u0e2a\u0e33\u0e19\u0e31\u0e01\u0e07\u0e32\u0e19\u0e43\u0e2b\u0e0d\u0e48\u0e15\u0e31\u0e49\u0e07\u0e2d\u0e22\u0e39\u0e48\u0e17\u0e35\u0e48\u0e40\u0e21\u0e37\u0e2d\u0e07\u0e40\u0e27\u0e40\u0e27\u0e22\u0e4c \u0e1b\u0e23\u0e30\u0e40\u0e17\u0e28\u0e2a\u0e27\u0e34\u0e15\u0e40\u0e0b\u0e2d\u0e23\u0e4c\u0e41\u0e25\u0e19\u0e14\u0e4c<\/span><\/p>\n<p>Nestl\u00e9 is the world\u2019s largest food and beverage company. It is present in <span>188<\/span> countries around the world, and its <span>270,000<\/span> employees are committed to Nestl\u00e9\u2019s purpose of \u201cunlocking the power of food to enhance quality of life for everyone, today and for generations to come.\u201d Nestl\u00e9 offers a wide portfolio of products and services for people and their pets throughout their lives. Its more than <span>2,000<\/span> brands range from global icons like NESCAF\u00c9, NESPRESSO or MAGGI to local favourites like BEAR BRAND or MINER\u00c9. The company is committed to driving its Good for You and Good for the Planet strategic focus. Nestl\u00e9 is based in the Swiss town of Vevey where it was founded more than <span>150<\/span> years ago.<\/p>\n<blockquote>\n<p><strong>\u0e2a\u0e33\u0e19\u0e31\u0e01\u0e07\u0e32\u0e19\u0e43\u0e2b\u0e0d\u0e48<\/strong> : \u0e2d\u0e32\u0e04\u0e32\u0e23\u0e14\u0e34\u0e2d\u0e2d\u0e1f\u0e1f\u0e34\u0e28\u0e40\u0e28\u0e2a \u0e41\u0e2d\u0e17 \u0e40\u0e0b\u0e47\u0e19\u0e17\u0e23\u0e31\u0e25\u0e40\u0e27\u0e34\u0e25\u0e14\u0e4c \u0e0a\u0e31\u0e49\u0e19 40-43 999\/9 <span>\u0e16\u0e19\u0e19\u0e1e\u0e23\u0e30\u0e23\u0e32\u0e21 <\/span>1 <span>\u0e41\u0e02\u0e27\u0e07\u0e1b\u0e17\u0e38\u0e21\u0e27\u0e31\u0e19 \u0e40\u0e02\u0e15\u0e1b\u0e17\u0e38\u0e21\u0e27\u0e31\u0e19 \u0e01\u0e23\u0e38\u0e07\u0e40\u0e17\u0e1e\u0e2f <\/span>10330<\/p>\n<p><strong>\u0e42\u0e17\u0e23<\/strong> : +66 2657 8600<\/p>\n<p><strong>\u0e40\u0e27\u0e47\u0e1a\u0e44\u0e0b\u0e15\u0e4c<\/strong> : <a href=\"https:\/\/www.nestle.co.th\/th\">https:\/\/www.nestle.co.th\/th<\/a><\/p>\n<\/blockquote>\n<p>[\/et_pb_text][\/et_pb_column][\/et_pb_row][\/et_pb_section]<\/p>\n","protected":false},"excerpt":{"rendered":"<p>\u0e1a\u0e23\u0e34\u0e29\u0e31\u0e17 \u0e40\u0e19\u0e2a\u0e17\u0e4c\u0e40\u0e25\u0e48 (\u0e44\u0e17\u0e22) \u0e08\u0e33\u0e01\u0e31\u0e14&nbsp; \u0e40\u0e19\u0e2a\u0e17\u0e4c\u0e40\u0e25\u0e48 \u0e40\u0e1b\u0e47\u0e19\u0e1a\u0e23\u0e34\u0e29\u0e31\u0e17\u0e1c\u0e39\u0e49\u0e1c\u0e25\u0e34\u0e15\u0e2d\u0e32\u0e2b\u0e32\u0e23\u0e41\u0e25\u0e30\u0e40\u0e04\u0e23\u0e37\u0e48\u0e2d\u0e07\u0e14\u0e37\u0e48\u0e21\u0e23\u0e32\u0e22\u0e43\u0e2b\u0e0d\u0e48\u0e17\u0e35\u0e48\u0e2a\u0e38\u0e14\u0e02\u0e2d\u0e07\u0e42\u0e25\u0e01 \u0e04\u0e23\u0e2d\u0e1a\u0e04\u0e25\u0e38\u0e21 188 \u0e1b\u0e23\u0e30\u0e40\u0e17\u0e28\u0e17\u0e31\u0e48\u0e27\u0e42\u0e25\u0e01 \u0e1e\u0e19\u0e31\u0e01\u0e07\u0e32\u0e19\u0e40\u0e19\u0e2a\u0e17\u0e4c\u0e40\u0e25\u0e48\u0e01\u0e27\u0e48\u0e32 270,000 \u0e04\u0e19\u0e15\u0e48\u0e32\u0e07\u0e21\u0e35\u0e1e\u0e31\u0e19\u0e18\u0e2a\u0e31\u0e0d\u0e0d\u0e32\u0e15\u0e48\u0e2d\u0e40\u0e08\u0e15\u0e19\u0e32\u0e23\u0e21\u0e13\u0e4c\u0e02\u0e2d\u0e07\u0e40\u0e19\u0e2a\u0e17\u0e4c\u0e40\u0e25\u0e48\u0e43\u0e19\u0e01\u0e32\u0e23\u0e40\u0e1b\u0e34\u0e14\u0e1e\u0e25\u0e31\u0e07\u0e41\u0e2b\u0e48\u0e07\u0e2d\u0e32\u0e2b\u0e32\u0e23\u0e40\u0e1e\u0e37\u0e48\u0e2d\u0e40\u0e1e\u0e34\u0e48\u0e21\u0e1e\u0e39\u0e19\u0e04\u0e38\u0e13\u0e20\u0e32\u0e1e\u0e0a\u0e35\u0e27\u0e34\u0e15\u0e17\u0e35\u0e48\u0e14\u0e35 \u0e2a\u0e33\u0e2b\u0e23\u0e31\u0e1a\u0e17\u0e38\u0e01\u0e04\u0e19\u0e43\u0e19\u0e27\u0e31\u0e19\u0e19\u0e35\u0e49\u0e41\u0e25\u0e30\u0e43\u0e19\u0e2d\u0e19\u0e32\u0e04\u0e15 (Unlocking the power of food to enhance quality of life for everyone, today and for generations to come) \u0e40\u0e19\u0e2a\u0e17\u0e4c\u0e40\u0e25\u0e48\u0e19\u0e33\u0e40\u0e2a\u0e19\u0e2d\u0e1c\u0e25\u0e34\u0e15\u0e20\u0e31\u0e13\u0e11\u0e4c\u0e41\u0e25\u0e30\u0e1a\u0e23\u0e34\u0e01\u0e32\u0e23\u0e2a\u0e33\u0e2b\u0e23\u0e31\u0e1a\u0e1c\u0e39\u0e49\u0e04\u0e19\u0e41\u0e25\u0e30\u0e2a\u0e31\u0e15\u0e27\u0e4c\u0e40\u0e25\u0e35\u0e49\u0e22\u0e07\u0e04\u0e23\u0e2d\u0e1a\u0e04\u0e25\u0e38\u0e21\u0e43\u0e19\u0e17\u0e38\u0e01\u0e0a\u0e48\u0e27\u0e07\u0e27\u0e31\u0e22 \u0e21\u0e32\u0e01\u0e01\u0e27\u0e48\u0e32 2,000 \u0e41\u0e1a\u0e23\u0e19\u0e14\u0e4c \u0e17\u0e31\u0e49\u0e07\u0e17\u0e35\u0e48\u0e40\u0e1b\u0e47\u0e19\u0e41\u0e1a\u0e23\u0e19\u0e14\u0e4c\u0e17\u0e35\u0e48\u0e40\u0e1b\u0e47\u0e19\u0e17\u0e35\u0e48\u0e23\u0e39\u0e49\u0e08\u0e31\u0e01\u0e43\u0e19\u0e23\u0e30\u0e14\u0e31\u0e1a\u0e42\u0e25\u0e01 \u0e40\u0e0a\u0e48\u0e19 \u0e40\u0e19\u0e2a\u0e01\u0e32\u0e41\u0e1f \u0e40\u0e19\u0e2a\u0e40\u0e1b\u0e23\u0e2a\u0e42\u0e0b \u0e44\u0e21\u0e42\u0e25 \u0e41\u0e21\u0e47\u0e01\u0e01\u0e35\u0e49 \u0e15\u0e25\u0e2d\u0e14\u0e08\u0e19\u0e41\u0e1a\u0e23\u0e19\u0e14\u0e4c\u0e17\u0e35\u0e48\u0e40\u0e1b\u0e47\u0e19\u0e17\u0e35\u0e48\u0e0a\u0e37\u0e48\u0e19\u0e0a\u0e2d\u0e1a\u0e43\u0e19\u0e17\u0e49\u0e2d\u0e07\u0e16\u0e34\u0e48\u0e19\u0e2d\u0e22\u0e48\u0e32\u0e07 \u0e15\u0e23\u0e32\u0e2b\u0e21\u0e35 \u0e2b\u0e23\u0e37\u0e2d\u0e21\u0e34\u0e40\u0e19\u0e40\u0e23\u0e48 \u0e1a\u0e23\u0e34\u0e29\u0e31\u0e17\u0e2f \u0e02\u0e31\u0e1a\u0e40\u0e04\u0e25\u0e37\u0e48\u0e2d\u0e19\u0e18\u0e38\u0e23\u0e01\u0e34\u0e08\u0e14\u0e49\u0e27\u0e22\u0e01\u0e25\u0e22\u0e38\u0e17\u0e18\u0e4c\u0e17\u0e35\u0e48\u0e08\u0e30\u0e2a\u0e23\u0e49\u0e32\u0e07\u0e2a\u0e23\u0e23\u0e04\u0e4c\u0e2a\u0e34\u0e48\u0e07\u0e14\u0e35 \u0e46 \u0e40\u0e1e\u0e37\u0e48\u0e2d\u0e1c\u0e39\u0e49\u0e1a\u0e23\u0e34\u0e42\u0e20\u0e04 (Good for You) \u0e41\u0e25\u0e30\u0e2a\u0e34\u0e48\u0e07\u0e14\u0e35 \u0e46 \u0e40\u0e1e\u0e37\u0e48\u0e2d\u0e42\u0e25\u0e01\u0e02\u0e2d\u0e07\u0e40\u0e23\u0e32 (Good [&hellip;]<\/p>\n","protected":false},"author":1,"featured_media":0,"parent":0,"menu_order":0,"comment_status":"closed","ping_status":"closed","template":"","meta":{"_et_pb_use_builder":"on","_et_pb_old_content":"","_et_gb_content_width":"","om_disable_all_campaigns":false,"footnotes":""},"class_list":["post-325","page","type-page","status-publish","hentry"],"_links":{"self":[{"href":"https:\/\/tipmse.fti.or.th\/index.php?rest_route=\/wp\/v2\/pages\/325","targetHints":{"allow":["GET"]}}],"collection":[{"href":"https:\/\/tipmse.fti.or.th\/index.php?rest_route=\/wp\/v2\/pages"}],"about":[{"href":"https:\/\/tipmse.fti.or.th\/index.php?rest_route=\/wp\/v2\/types\/page"}],"author":[{"embeddable":true,"href":"https:\/\/tipmse.fti.or.th\/index.php?rest_route=\/wp\/v2\/users\/1"}],"replies":[{"embeddable":true,"href":"https:\/\/tipmse.fti.or.th\/index.php?rest_route=%2Fwp%2Fv2%2Fcomments&post=325"}],"version-history":[{"count":6,"href":"https:\/\/tipmse.fti.or.th\/index.php?rest_route=\/wp\/v2\/pages\/325\/revisions"}],"predecessor-version":[{"id":1447,"href":"https:\/\/tipmse.fti.or.th\/index.php?rest_route=\/wp\/v2\/pages\/325\/revisions\/1447"}],"wp:attachment":[{"href":"https:\/\/tipmse.fti.or.th\/index.php?rest_route=%2Fwp%2Fv2%2Fmedia&parent=325"}],"curies":[{"name":"wp","href":"https:\/\/api.w.org\/{rel}","templated":true}]}}